{"id":10,"date":"2013-11-17T12:27:42","date_gmt":"2013-11-17T10:27:42","guid":{"rendered":"http:\/\/www.autor-bellartz.de\/?page_id=10"},"modified":"2013-11-17T12:55:39","modified_gmt":"2013-11-17T10:55:39","slug":"die-strasse-kannte-die-antwort","status":"publish","type":"page","link":"https:\/\/www.autor-bellartz.de\/?page_id=10","title":{"rendered":"Die Stra\u00dfe kannte die Antwort"},"content":{"rendered":"<p>1. Auflage E. Bellartz-Verlag 1999<br \/>\n2. Auflage Quadratkreis A.V. 2012<\/p>\n<div>\n<div itemprop=\"description\">Wer ist hinter Harald her? Wer will ihn t\u00f6ten? Eine gnadenlose Jagd durch die Dolomiten<\/div>\n<\/div>\n<p>2012, 362 Seiten<\/p>\n<p><img loading=\"lazy\" decoding=\"async\" class=\"alignleft\" alt=\"\" src=\"http:\/\/autor-bellartz.de\/Bilder\/alle%20Buchcover\/Titel_Die%20Strasse_small.jpg\" width=\"150\" height=\"242\" \/><strong>Zum Inhalt :<br \/>\n<\/strong>Seinen Job als Lehrer hat er verloren, die gerade erst aufgekeimte Liebesbeziehung ist gescheitert.<br \/>\nIm Urlaub in Norditalien will der aus einem Ortsteil von Bergisch Gladbach stammende P\u00e4dagoge Harald seinen Frust vergessen; f\u00fcr so manche offene Frage in seinem Leben glaubt er unterwegs \u2013 auf der Stra\u00dfe \u2013 Antworten zu finden.<br \/>\nDoch schon auf der Fahrt in den S\u00fcden und w\u00e4hrend seiner einsamen Wanderungen durch die bizarre Welt der Dolomiten ger\u00e4t der frustrierte, sensible junge Mann immer wieder in bedrohliche Situationen, die ihn sogar in Todesgefahr bringen.<br \/>\nKaum von den Verletzungen, die er sich in einer Kriegsstellung aus dem 1. Weltkrieg zuzieht, genesen, kommt Harald durch ein Foto, das er zur falschen Zeit und am falschen Ort von einem Mann macht, der auf gar keinen Fall fotografiert werden will, dem organisierten Verbrechen in die Quere.<br \/>\nOhne eigentlich zu wissen warum, wird Harald auf einmal bedroht, verfolgt, gejagt und sogar entf\u00fchrt.<br \/>\nVor der hitzeflirrenden Kulisse von Verona, Venedig und der Dolomiten wird der einstige Lehrer in ein gnadenloses Katz und Mausspiel mit italienischen Killern verwickelt, in dem er letztendlich selber zu kriminellen Handlungen gezwungen wird.<br \/>\nJeanette, eine von ihrem Partner am Stra\u00dfenrand zur\u00fcckgelassene Anhalterin, die Harald auf der Flucht in seinem Auto mitnimmt und zu der sich eine zarte Liebesbeziehung entwickelt, scheint das Leben des gescheiterten P\u00e4dagogen wieder in die richtige Spur bringen zu k\u00f6nnen, letztendlich die Antwort auf die Frage zu sein, die er auf der Stra\u00dfe gesucht hat.<br \/>\nDoch der Weg zur\u00fcck nach Hause ist weit &#8230;, und an einer einsamen Stelle, hoch oben in der steinernen Welt der bleichen Berge, steht ein schwarzer Ferrari am Stra\u00dfenrand.<br \/>\nIn dem Wagen sitzt ein Mann &#8230; und der wartet auf Harald.<\/p>\n<p>&nbsp;<\/p>\n<p>&nbsp;<\/p>\n","protected":false},"excerpt":{"rendered":"<p>1. Auflage E. Bellartz-Verlag 1999 2. Auflage Quadratkreis A.V. 2012 Wer ist hinter Harald her? Wer will ihn t\u00f6ten? Eine gnadenlose Jagd durch die Dolomiten 2012, 362 Seiten Zum Inhalt : Seinen Job als Lehrer hat er verloren, die gerade &hellip; <a href=\"https:\/\/www.autor-bellartz.de\/?page_id=10\">Weiterlesen <span class=\"meta-nav\">&rarr;<\/span><\/a><\/p>\n","protected":false},"author":1,"featured_media":0,"parent":7,"menu_order":5,"comment_status":"open","ping_status":"open","template":"","meta":{"footnotes":""},"class_list":["post-10","page","type-page","status-publish","hentry"],"_links":{"self":[{"href":"https:\/\/www.autor-bellartz.de\/index.php?rest_route=\/wp\/v2\/pages\/10","targetHints":{"allow":["GET"]}}],"collection":[{"href":"https:\/\/www.autor-bellartz.de\/index.php?rest_route=\/wp\/v2\/pages"}],"about":[{"href":"https:\/\/www.autor-bellartz.de\/index.php?rest_route=\/wp\/v2\/types\/page"}],"author":[{"embeddable":true,"href":"https:\/\/www.autor-bellartz.de\/index.php?rest_route=\/wp\/v2\/users\/1"}],"replies":[{"embeddable":true,"href":"https:\/\/www.autor-bellartz.de\/index.php?rest_route=%2Fwp%2Fv2%2Fcomments&post=10"}],"version-history":[{"count":2,"href":"https:\/\/www.autor-bellartz.de\/index.php?rest_route=\/wp\/v2\/pages\/10\/revisions"}],"predecessor-version":[{"id":28,"href":"https:\/\/www.autor-bellartz.de\/index.php?rest_route=\/wp\/v2\/pages\/10\/revisions\/28"}],"up":[{"embeddable":true,"href":"https:\/\/www.autor-bellartz.de\/index.php?rest_route=\/wp\/v2\/pages\/7"}],"wp:attachment":[{"href":"https:\/\/www.autor-bellartz.de\/index.php?rest_route=%2Fwp%2Fv2%2Fmedia&parent=10"}],"curies":[{"name":"wp","href":"https:\/\/api.w.org\/{rel}","templated":true}]}}