{"id":12,"date":"2013-11-17T12:28:35","date_gmt":"2013-11-17T10:28:35","guid":{"rendered":"http:\/\/www.autor-bellartz.de\/?page_id=12"},"modified":"2013-11-20T21:01:55","modified_gmt":"2013-11-20T20:01:55","slug":"was-bleibt-ist-blut-im-schnee","status":"publish","type":"page","link":"https:\/\/www.autor-bellartz.de\/?page_id=12","title":{"rendered":"Was bleibt ist Blut im Schnee"},"content":{"rendered":"<p>1. Auflage E. Bellartz-Verlag 2005<\/p>\n<p>&nbsp;<\/p>\n<p><img loading=\"lazy\" decoding=\"async\" class=\"alignleft\" alt=\"\" src=\"http:\/\/autor-bellartz.de\/Bilder\/alle Buchcover\/Titel_Blut-im-Schnee_small.jpg\" width=\"150\" height=\"213\" \/><\/p>\n<p style=\"text-align: left;\" align=\"center\"><strong>Zum Inhalt :<\/strong><\/p>\n<p>Schon so manches haben die aus Bergisch Gladbach stammenden Kumpel Farold und Jasper zusammen erlebt.<br \/>\nNun liegt ein langer, harter Winter hinter ihnen. Beziehungen zu Frauen sind gescheitert, ehe man eigentlich von solchen \u00fcberhaupt reden konnte. Die Zukunft sieht auch nicht rosig aus, denn Farold ist von Arbeitslosigkeit bedroht.<br \/>\nUm dem tristen Zustand, in dem sie sich befinden, ein Ende zu bereiten, beschlie\u00dfen die jungen M\u00e4nner mit einem Wohnmobil der Sonne entgegen zu fahren. Portugal soll das Ziel ihrer Tr\u00e4ume sein, dort erhoffen sie sich, ihr Leben wieder in die richtige Bahn zu bringen.<br \/>\nEinen Hauch von Abenteuerromantik hatten sie sich schon gew\u00fcnscht, doch das, womit die beiden bereits nach kurzer Zeit auf ihrer Fahrt konfrontiert werden, hat nichts mehr mit Campingurlaub zu tun.<br \/>\nPannen am Fahrzeug, Konfrontationen mit der Polizei, eine Schl\u00e4gerei mit Punks, ein geheimnisvoller Mann, der in der Nacht an die T\u00fcr des Wohnmobils klopft, ein Wirbelsturm, der die M\u00e4nner in Lebensgefahr bringt, ein Zusammentreffen mit Drogendealern und schlie\u00dflich eine tote Frau in Farolds Bett \u2026 machen die Fahrt zur Sonne zu einer Reise in den Albtraum.<br \/>\nGegen ihren Willen sind die beiden gezwungen gesetzeswidrige Handlungen zu begehen, und ihren Plan in Portugal Urlaub machen zu wollen, haben sie l\u00e4ngst aufgegeben, stattdessen f\u00fchrt sie die Reise ins Ungewisse ans Mittelmeer.<br \/>\nIn der N\u00e4he von Barcelona erleben sie \u2013 sich f\u00fcr einen Augenblick in Sicherheit wiegend \u2013 f\u00fcr Momente tats\u00e4chlich einen Hauch von dem, was sie sich eigentlich von ihrem Urlaub erwartet hatten; doch das Schicksal meint es auch dort wieder nicht gut mit ihnen, denn das B\u00f6se ist schon l\u00e4ngst ihr Begleiter.<br \/>\nUnter Einsatz seines Lebens befreit Farold eine junge Frau aus den H\u00e4nden skrupelloser Vergewaltiger.<br \/>\nEr verliebt sich in diese Frau und will sie unbedingt wieder sehen.<br \/>\nDoch der Weg hin zu ihr ist weit, Berge sind zu \u00fcberwinden und hoch oben, in den verschneiten Pyren\u00e4en wartet der franz\u00f6sische Zoll \u2026 und was bleibt, ist Blut im Schnee.<\/p>\n","protected":false},"excerpt":{"rendered":"<p>1. Auflage E. Bellartz-Verlag 2005 &nbsp; Zum Inhalt : Schon so manches haben die aus Bergisch Gladbach stammenden Kumpel Farold und Jasper zusammen erlebt. Nun liegt ein langer, harter Winter hinter ihnen. Beziehungen zu Frauen sind gescheitert, ehe man eigentlich &hellip; <a href=\"https:\/\/www.autor-bellartz.de\/?page_id=12\">Weiterlesen <span class=\"meta-nav\">&rarr;<\/span><\/a><\/p>\n","protected":false},"author":1,"featured_media":0,"parent":7,"menu_order":10,"comment_status":"open","ping_status":"open","template":"","meta":{"footnotes":""},"class_list":["post-12","page","type-page","status-publish","hentry"],"_links":{"self":[{"href":"https:\/\/www.autor-bellartz.de\/index.php?rest_route=\/wp\/v2\/pages\/12","targetHints":{"allow":["GET"]}}],"collection":[{"href":"https:\/\/www.autor-bellartz.de\/index.php?rest_route=\/wp\/v2\/pages"}],"about":[{"href":"https:\/\/www.autor-bellartz.de\/index.php?rest_route=\/wp\/v2\/types\/page"}],"author":[{"embeddable":true,"href":"https:\/\/www.autor-bellartz.de\/index.php?rest_route=\/wp\/v2\/users\/1"}],"replies":[{"embeddable":true,"href":"https:\/\/www.autor-bellartz.de\/index.php?rest_route=%2Fwp%2Fv2%2Fcomments&post=12"}],"version-history":[{"count":4,"href":"https:\/\/www.autor-bellartz.de\/index.php?rest_route=\/wp\/v2\/pages\/12\/revisions"}],"predecessor-version":[{"id":78,"href":"https:\/\/www.autor-bellartz.de\/index.php?rest_route=\/wp\/v2\/pages\/12\/revisions\/78"}],"up":[{"embeddable":true,"href":"https:\/\/www.autor-bellartz.de\/index.php?rest_route=\/wp\/v2\/pages\/7"}],"wp:attachment":[{"href":"https:\/\/www.autor-bellartz.de\/index.php?rest_route=%2Fwp%2Fv2%2Fmedia&parent=12"}],"curies":[{"name":"wp","href":"https:\/\/api.w.org\/{rel}","templated":true}]}}