{"id":14,"date":"2013-11-17T12:29:35","date_gmt":"2013-11-17T10:29:35","guid":{"rendered":"http:\/\/www.autor-bellartz.de\/?page_id=14"},"modified":"2013-11-17T13:08:26","modified_gmt":"2013-11-17T11:08:26","slug":"sechs-sieben-acht","status":"publish","type":"page","link":"https:\/\/www.autor-bellartz.de\/?page_id=14","title":{"rendered":"Sechs, Sieben, Acht"},"content":{"rendered":"<p>1. Auflage Quadratkreis A.V. 2009<br \/>\n560 Seiten\u00a0\u00a0 ISBN 9783941533042<\/p>\n<p>&nbsp;<\/p>\n<p><img loading=\"lazy\" decoding=\"async\" class=\"alignleft\" alt=\"\" src=\"http:\/\/autor-bellartz.de\/Bilder\/alle%20Buchcover\/Titel_sechssiebenacht_small.jpg\" width=\"150\" height=\"252\" \/><\/p>\n<p><strong>Zum Inhalt:<\/strong><br \/>\nEine Road Novel .. Ottfried Brosch, Hausmeister an einer rheinischen Schule und Vorsitzender des Wandervereins Flinke F\u00fc\u00dfe , Ehefrau Rita und die Sekret\u00e4rinnen Anneliese und Brunhild nehmen uns mit auf eine vergn\u00fcglich-chaotische Busreise durch den Westen der USA. Der Lehrer Jan und sein ehemaliger Studienkollege, der Intellektuelle Hajo, schlie\u00dfen sich der Gruppe an. Eine interessante, erlebnisreiche Reise beginnt. Schon bald aber werden die unterschiedlichsten Erwartungen der Reiseteilnehmer auf harte Proben gestellt: Hajo f\u00fchlt sich deplatziert inmitten der primitiven Mitfahrer , Jan leidet unter der Hektik des Reiseleiters kleine Missgeschicke und Pannen sind an der Tagesordnung. W\u00e4ren da nicht die \u00fcbrigen Reiseteilnehmer das Hamburger Ehepaar mit der h\u00fcbschen Tochter, der unternehmungslustige Ersatzdienstleistende Larry, die jungen bayerischen Schwestern und viele andere w\u00e4re es eigentlich eine ganz normale Tour. Wir erleben aus n\u00e4chster N\u00e4he all die kleinen Unw\u00e4gbarkeiten, die menschlichen Probleme und Fragen, denen abenteuerlustige Touristen ausgeliefert sind: Wird Hajo seine Meinung \u00fcber Proleten \u00e4ndern? Kann man in Amerika menschenw\u00fcrdig speisen? Soll Jan auf dieser Reise endlich der Liebe seines Lebens begegnen? Neben den turbulenten und spannenden Erlebnissen der bunten Gruppe lernen wir auf humorvolle Weise einige Sehensw\u00fcrdigkeiten des S\u00fcdwestens der USA und ein St\u00fcck American way of life kennen.<br \/>\nUnd wir erfahren auch, was der Titel des Buches bedeutet: &#8222;<strong>Sechs, Sieben, Acht&#8220;<\/strong> !<\/p>\n","protected":false},"excerpt":{"rendered":"<p>1. Auflage Quadratkreis A.V. 2009 560 Seiten\u00a0\u00a0 ISBN 9783941533042 &nbsp; Zum Inhalt: Eine Road Novel .. Ottfried Brosch, Hausmeister an einer rheinischen Schule und Vorsitzender des Wandervereins Flinke F\u00fc\u00dfe , Ehefrau Rita und die Sekret\u00e4rinnen Anneliese und Brunhild nehmen uns &hellip; <a href=\"https:\/\/www.autor-bellartz.de\/?page_id=14\">Weiterlesen <span class=\"meta-nav\">&rarr;<\/span><\/a><\/p>\n","protected":false},"author":1,"featured_media":0,"parent":7,"menu_order":15,"comment_status":"open","ping_status":"open","template":"","meta":{"footnotes":""},"class_list":["post-14","page","type-page","status-publish","hentry"],"_links":{"self":[{"href":"https:\/\/www.autor-bellartz.de\/index.php?rest_route=\/wp\/v2\/pages\/14","targetHints":{"allow":["GET"]}}],"collection":[{"href":"https:\/\/www.autor-bellartz.de\/index.php?rest_route=\/wp\/v2\/pages"}],"about":[{"href":"https:\/\/www.autor-bellartz.de\/index.php?rest_route=\/wp\/v2\/types\/page"}],"author":[{"embeddable":true,"href":"https:\/\/www.autor-bellartz.de\/index.php?rest_route=\/wp\/v2\/users\/1"}],"replies":[{"embeddable":true,"href":"https:\/\/www.autor-bellartz.de\/index.php?rest_route=%2Fwp%2Fv2%2Fcomments&post=14"}],"version-history":[{"count":2,"href":"https:\/\/www.autor-bellartz.de\/index.php?rest_route=\/wp\/v2\/pages\/14\/revisions"}],"predecessor-version":[{"id":29,"href":"https:\/\/www.autor-bellartz.de\/index.php?rest_route=\/wp\/v2\/pages\/14\/revisions\/29"}],"up":[{"embeddable":true,"href":"https:\/\/www.autor-bellartz.de\/index.php?rest_route=\/wp\/v2\/pages\/7"}],"wp:attachment":[{"href":"https:\/\/www.autor-bellartz.de\/index.php?rest_route=%2Fwp%2Fv2%2Fmedia&parent=14"}],"curies":[{"name":"wp","href":"https:\/\/api.w.org\/{rel}","templated":true}]}}