{"id":313,"date":"2017-01-13T18:26:19","date_gmt":"2017-01-13T17:26:19","guid":{"rendered":"http:\/\/www.autor-bellartz.de\/?page_id=313"},"modified":"2023-02-27T17:36:08","modified_gmt":"2023-02-27T16:36:08","slug":"heidenangst","status":"publish","type":"page","link":"https:\/\/www.autor-bellartz.de\/?page_id=313","title":{"rendered":"Heidenangst"},"content":{"rendered":"<p>1. Auflage Quadratkreis A.V. 2016<\/p>\n<p>Ein Autor wird in einen Mordfall verwickelt und wittert eine sensationelle Story.<br \/>\n2016, 564 Seiten<\/p>\n<p><strong>Zum Inhalt:<a href=\"http:\/\/www.autor-bellartz.de\/wp-content\/uploads\/2017\/01\/web_Vorderseite.jpg\" rel=\"attachment wp-att-314\"><img loading=\"lazy\" decoding=\"async\" class=\"wp-image-314 alignleft\" src=\"http:\/\/www.autor-bellartz.de\/wp-content\/uploads\/2017\/01\/web_Vorderseite.jpg\" alt=\"web_Vorderseite\" width=\"222\" height=\"366\"><\/a><\/strong><\/p>\n<p>Mario Engstenberg ist ein in R\u00f6srath lebender Autor. Der Verkauf seiner bisher erschienen \u201eRoad &#8211; Novels\u201c h\u00e4lt sich jedoch arg in Grenzen.<\/p>\n<p>Durch einen Auftritt der Krimi-Autorenband \u201eHands up &amp; Shooting Stars\u201c in Schloss Eulenbroich wird Engstenberg motiviert, das Genre zu wechseln \u2026einen Krimi zu schreiben.<\/p>\n<p>Das Problem ist: Mario Engstenberg braucht zum Schreiben immer \u201eden roten Faden des Selbsterlebten\u201c.<\/p>\n<p>Als in der Wahner Heide ein erstochener Mann aufgefunden wird, \u00e4ndert sich von einem Moment auf den anderen das bislang eher beschauliche Leben des Autors, denn der Ermordete ist Engstenbergs Flurnachbar.<\/p>\n<p>Der Autor wittert eine Wahnsinnsstory und beginnt im Umfeld des Toten zu recherchieren.<\/p>\n<p>Die Mutter des Ermordeten, Frauen, mit denen der Tote in Beziehung stand, Mitglieder einer K\u00fcnstlervereinigung und der Martinus-Notfalldienst, bei dem der Mann als Erste-Hilfe-Ausbilder arbeitete, sucht Engstenberg auf.<\/p>\n<p>Mehrfach glaubt der Autor sogar, den M\u00f6rder \u00fcberf\u00fchrt zu haben, wird jedoch vom Bonner Kommissar Sauerwein &nbsp;jedes Mal eines Besseren belehrt.<\/p>\n<p>Bei seinen Recherchen hat Engstenberg aber offenbar in ein Wespennest gestochen, denn auf einmal wird der Autor selber massiv bedroht, ger\u00e4t in Lebensgefahr \u2026und bekommt am eigenen Leib zu sp\u00fcren, was <span style=\"color: #ff0000;\">Heidenangst<\/span> ist.<\/p>\n","protected":false},"excerpt":{"rendered":"<p>1. Auflage Quadratkreis A.V. 2016 Ein Autor wird in einen Mordfall verwickelt und wittert eine sensationelle Story. 2016, 564 Seiten Zum Inhalt: Mario Engstenberg ist ein in R\u00f6srath lebender Autor. Der Verkauf seiner bisher erschienen \u201eRoad &#8211; Novels\u201c h\u00e4lt sich &hellip; <a href=\"https:\/\/www.autor-bellartz.de\/?page_id=313\">Weiterlesen <span class=\"meta-nav\">&rarr;<\/span><\/a><\/p>\n","protected":false},"author":1,"featured_media":0,"parent":7,"menu_order":25,"comment_status":"closed","ping_status":"closed","template":"","meta":{"footnotes":""},"class_list":["post-313","page","type-page","status-publish","hentry"],"_links":{"self":[{"href":"https:\/\/www.autor-bellartz.de\/index.php?rest_route=\/wp\/v2\/pages\/313","targetHints":{"allow":["GET"]}}],"collection":[{"href":"https:\/\/www.autor-bellartz.de\/index.php?rest_route=\/wp\/v2\/pages"}],"about":[{"href":"https:\/\/www.autor-bellartz.de\/index.php?rest_route=\/wp\/v2\/types\/page"}],"author":[{"embeddable":true,"href":"https:\/\/www.autor-bellartz.de\/index.php?rest_route=\/wp\/v2\/users\/1"}],"replies":[{"embeddable":true,"href":"https:\/\/www.autor-bellartz.de\/index.php?rest_route=%2Fwp%2Fv2%2Fcomments&post=313"}],"version-history":[{"count":2,"href":"https:\/\/www.autor-bellartz.de\/index.php?rest_route=\/wp\/v2\/pages\/313\/revisions"}],"predecessor-version":[{"id":359,"href":"https:\/\/www.autor-bellartz.de\/index.php?rest_route=\/wp\/v2\/pages\/313\/revisions\/359"}],"up":[{"embeddable":true,"href":"https:\/\/www.autor-bellartz.de\/index.php?rest_route=\/wp\/v2\/pages\/7"}],"wp:attachment":[{"href":"https:\/\/www.autor-bellartz.de\/index.php?rest_route=%2Fwp%2Fv2%2Fmedia&parent=313"}],"curies":[{"name":"wp","href":"https:\/\/api.w.org\/{rel}","templated":true}]}}