{"id":348,"date":"2023-02-27T17:26:43","date_gmt":"2023-02-27T16:26:43","guid":{"rendered":"https:\/\/www.autor-bellartz.de\/?page_id=348"},"modified":"2023-04-02T19:20:17","modified_gmt":"2023-04-02T18:20:17","slug":"das-dreizinnen-trio","status":"publish","type":"page","link":"https:\/\/www.autor-bellartz.de\/?page_id=348","title":{"rendered":"Das Dreizinnen &#8211; Trio"},"content":{"rendered":"\n<figure class=\"wp-block-image size-full\"><a href=\"http:\/\/www.autor-bellartz.de\/wp-content\/uploads\/2023\/02\/Cover-drei-Zinne-Final-2.jpg\"><img loading=\"lazy\" decoding=\"async\" width=\"525\" height=\"727\" src=\"http:\/\/www.autor-bellartz.de\/wp-content\/uploads\/2023\/02\/Cover-drei-Zinne-Final-2.jpg\" alt=\"\" class=\"wp-image-353\" srcset=\"https:\/\/www.autor-bellartz.de\/wp-content\/uploads\/2023\/02\/Cover-drei-Zinne-Final-2.jpg 525w, https:\/\/www.autor-bellartz.de\/wp-content\/uploads\/2023\/02\/Cover-drei-Zinne-Final-2-217x300.jpg 217w\" sizes=\"auto, (max-width: 525px) 100vw, 525px\" \/><\/a><\/figure>\n\n\n\n<p>Der Mann auf dem schmalen Felsvorsprung presst seinen R\u00fccken gegen das schroffe Gestein. Nicht einmal eine Handbreit ist die Spitze seines Bergschuhs von dem Abgrund entfernt, der in d\u00fcstere Unendlichkeit \u00fcbergeht.<\/p>\n\n\n\n<p>&#8222;Boah &#8230; ich glaube, das wird der tollste Urlaub meines Lebens.&#8220; Der junge Mann auf dem Beifahrersitz wischte sich mit dem Handr\u00fccken mehrfach den Schwei\u00df von der Stirn. Das habe ich im Urin, wie man so sch\u00f6n sagt.&#8220;<\/p>\n\n\n\n<p>Im hei\u00dfem Sommer des Jahres 2018 machen die drei jungen M\u00e4nner Holger, Marc und Uwe Urlaub auf einem Campingplatz in S\u00fcdtirol. In der atemberaubenden Szenerie rund um die &#8222;Drei Zinnen&#8220;, erlebt das Trio heiter, skurrile Momente, ger\u00e4t auf diversen Bergtouren aber auch in gef\u00e4hrliche Situationen. Und da gibt es noch Antonella, die flotte Animateurin des Campingplatzes, die den &#8222;Jungs&#8220; die K\u00f6pfe verdreht. Wird es einem von ihnen gelingen, bei der gutaussehenden Italienerin landen zu k\u00f6nnen? Oder gibt es noch eine andere Frau, die sich indessen unbemerkt in einen von ihnen verguckt hat?<\/p>\n","protected":false},"excerpt":{"rendered":"<p>Der Mann auf dem schmalen Felsvorsprung presst seinen R\u00fccken gegen das schroffe Gestein. Nicht einmal eine Handbreit ist die Spitze seines Bergschuhs von dem Abgrund entfernt, der in d\u00fcstere Unendlichkeit \u00fcbergeht. &#8222;Boah &#8230; ich glaube, das wird der tollste Urlaub &hellip; <a href=\"https:\/\/www.autor-bellartz.de\/?page_id=348\">Weiterlesen <span class=\"meta-nav\">&rarr;<\/span><\/a><\/p>\n","protected":false},"author":1,"featured_media":353,"parent":7,"menu_order":30,"comment_status":"closed","ping_status":"closed","template":"","meta":{"footnotes":""},"class_list":["post-348","page","type-page","status-publish","has-post-thumbnail","hentry"],"_links":{"self":[{"href":"https:\/\/www.autor-bellartz.de\/index.php?rest_route=\/wp\/v2\/pages\/348","targetHints":{"allow":["GET"]}}],"collection":[{"href":"https:\/\/www.autor-bellartz.de\/index.php?rest_route=\/wp\/v2\/pages"}],"about":[{"href":"https:\/\/www.autor-bellartz.de\/index.php?rest_route=\/wp\/v2\/types\/page"}],"author":[{"embeddable":true,"href":"https:\/\/www.autor-bellartz.de\/index.php?rest_route=\/wp\/v2\/users\/1"}],"replies":[{"embeddable":true,"href":"https:\/\/www.autor-bellartz.de\/index.php?rest_route=%2Fwp%2Fv2%2Fcomments&post=348"}],"version-history":[{"count":4,"href":"https:\/\/www.autor-bellartz.de\/index.php?rest_route=\/wp\/v2\/pages\/348\/revisions"}],"predecessor-version":[{"id":400,"href":"https:\/\/www.autor-bellartz.de\/index.php?rest_route=\/wp\/v2\/pages\/348\/revisions\/400"}],"up":[{"embeddable":true,"href":"https:\/\/www.autor-bellartz.de\/index.php?rest_route=\/wp\/v2\/pages\/7"}],"wp:featuredmedia":[{"embeddable":true,"href":"https:\/\/www.autor-bellartz.de\/index.php?rest_route=\/wp\/v2\/media\/353"}],"wp:attachment":[{"href":"https:\/\/www.autor-bellartz.de\/index.php?rest_route=%2Fwp%2Fv2%2Fmedia&parent=348"}],"curies":[{"name":"wp","href":"https:\/\/api.w.org\/{rel}","templated":true}]}}