{"id":363,"date":"2023-02-27T18:09:21","date_gmt":"2023-02-27T17:09:21","guid":{"rendered":"https:\/\/www.autor-bellartz.de\/?page_id=363"},"modified":"2023-04-02T19:21:00","modified_gmt":"2023-04-02T18:21:00","slug":"mit-dem-wind","status":"publish","type":"page","link":"https:\/\/www.autor-bellartz.de\/?page_id=363","title":{"rendered":"Mit dem Wind"},"content":{"rendered":"\n<figure class=\"wp-block-image size-full\"><a href=\"https:\/\/www.autor-bellartz.de\/wp-content\/uploads\/2023\/02\/Mit-dem-Wind-1.png\"><img loading=\"lazy\" decoding=\"async\" width=\"380\" height=\"605\" src=\"https:\/\/www.autor-bellartz.de\/wp-content\/uploads\/2023\/02\/Mit-dem-Wind-1.png\" alt=\"\" class=\"wp-image-365\" srcset=\"https:\/\/www.autor-bellartz.de\/wp-content\/uploads\/2023\/02\/Mit-dem-Wind-1.png 380w, https:\/\/www.autor-bellartz.de\/wp-content\/uploads\/2023\/02\/Mit-dem-Wind-1-188x300.png 188w\" sizes=\"auto, (max-width: 380px) 100vw, 380px\" \/><\/a><\/figure>\n\n\n\n<p>ISBN-Nr. 978-3-00-072304-9<br><br>Der gelernte Bauhandwerker J\u00fcrgen Schnurr fasste eines Tages den Entschluss, das Leben eines Wandergesellen zu f\u00fchren.<br>Schnurr, Jo-Jo genannt, lebte sechs Monate in Kenia auf einer Farm in der N\u00e4he von Eldoret mit dem Stamm der Kikuyus, f\u00fcnf Wochen unter Aborigines an der Westk\u00fcste Australiens, f\u00fcnf Jahre bei einem Indianerstamm in British Columbia (Kanada), und verbrachte drei Monate bei mexikanischen Haifischf\u00e4ngern in Mazatl\u00e1n.<br>Seit \u00fcber zwanzig Jahren lebt er nun mit seiner unterdessen gegr\u00fcndeten Familie in Thailand.<\/p>\n","protected":false},"excerpt":{"rendered":"<p>ISBN-Nr. 978-3-00-072304-9 Der gelernte Bauhandwerker J\u00fcrgen Schnurr fasste eines Tages den Entschluss, das Leben eines Wandergesellen zu f\u00fchren.Schnurr, Jo-Jo genannt, lebte sechs Monate in Kenia auf einer Farm in der N\u00e4he von Eldoret mit dem Stamm der Kikuyus, f\u00fcnf Wochen &hellip; <a href=\"https:\/\/www.autor-bellartz.de\/?page_id=363\">Weiterlesen <span class=\"meta-nav\">&rarr;<\/span><\/a><\/p>\n","protected":false},"author":1,"featured_media":0,"parent":7,"menu_order":40,"comment_status":"closed","ping_status":"closed","template":"","meta":{"footnotes":""},"class_list":["post-363","page","type-page","status-publish","hentry"],"_links":{"self":[{"href":"https:\/\/www.autor-bellartz.de\/index.php?rest_route=\/wp\/v2\/pages\/363","targetHints":{"allow":["GET"]}}],"collection":[{"href":"https:\/\/www.autor-bellartz.de\/index.php?rest_route=\/wp\/v2\/pages"}],"about":[{"href":"https:\/\/www.autor-bellartz.de\/index.php?rest_route=\/wp\/v2\/types\/page"}],"author":[{"embeddable":true,"href":"https:\/\/www.autor-bellartz.de\/index.php?rest_route=\/wp\/v2\/users\/1"}],"replies":[{"embeddable":true,"href":"https:\/\/www.autor-bellartz.de\/index.php?rest_route=%2Fwp%2Fv2%2Fcomments&post=363"}],"version-history":[{"count":2,"href":"https:\/\/www.autor-bellartz.de\/index.php?rest_route=\/wp\/v2\/pages\/363\/revisions"}],"predecessor-version":[{"id":401,"href":"https:\/\/www.autor-bellartz.de\/index.php?rest_route=\/wp\/v2\/pages\/363\/revisions\/401"}],"up":[{"embeddable":true,"href":"https:\/\/www.autor-bellartz.de\/index.php?rest_route=\/wp\/v2\/pages\/7"}],"wp:attachment":[{"href":"https:\/\/www.autor-bellartz.de\/index.php?rest_route=%2Fwp%2Fv2%2Fmedia&parent=363"}],"curies":[{"name":"wp","href":"https:\/\/api.w.org\/{rel}","templated":true}]}}