{"id":80,"date":"2013-12-05T20:42:14","date_gmt":"2013-12-05T19:42:14","guid":{"rendered":"http:\/\/www.autor-bellartz.de\/?page_id=80"},"modified":"2023-02-27T18:40:03","modified_gmt":"2023-02-27T17:40:03","slug":"leseproben","status":"publish","type":"page","link":"https:\/\/www.autor-bellartz.de\/?page_id=80","title":{"rendered":"Leseproben"},"content":{"rendered":"<p><a href=\"http:\/\/www.autor-bellartz.de\/wp-content\/uploads\/2017\/01\/Leseprobe_Heidenangst.pdf\" target=\"_blank\" rel=\"noopener\">Link auf Leseprobe &#8222;Leseprobe_Heidenangst&#8220;<\/a><\/p>\n<p><a title=\"Link auf Leseprobe Sechs, Sieben, Acht\" href=\"http:\/\/autor-bellartz.de\/Lesep\/Sechs,%20Sieben,%20Acht.pdf\" target=\"_blank\" rel=\"noopener\">Link auf Leseprobe &#8222;Sechs, Sieben, Acht&#8220;<\/a><\/p>\n<p><a title=\"Was bleibt ist Blut im Schnee\" href=\"http:\/\/autor-bellartz.de\/Lesep\/Was%20bleibt%20ist%20Blut%20im%20Schnee.pdf\" target=\"_blank\" rel=\"noopener\"> Link auf Leseprobe &#8222;Was bleibt ist Blut im Schnee&#8220;<\/a><\/p>\n<p><a title=\"Die Stra\u00dfe kannte die Antwort\" href=\"http:\/\/autor-bellartz.de\/Lesep\/Die%20Stra%C3%9Fe%20kannte%20die%20Antwort.pdf\" target=\"_blank\" rel=\"noopener\">Link auf Leseprobe &#8222;Die Stra\u00dfe kannte die Antwort&#8220;<\/a><\/p>\n<p><a title=\"Lost in France\" href=\"http:\/\/autor-bellartz.de\/Lesep\/Lost%20in%20France.pdf\" target=\"_blank\" rel=\"noopener\">Link auf Leseprobe &#8222;Lost in France&#8220;<\/a><\/p>\n<p><a href=\"http:\/\/www.autor-bellartz.de\/wp-content\/uploads\/2023\/02\/Leseprobe-Dreizinnen-Trio.pdf\">Link auf Leseprobe &#8222;Das Dreizinnen &#8211; Trio&#8220;<\/a><\/p>\n<p><a href=\"http:\/\/www.autor-bellartz.de\/wp-content\/uploads\/2023\/02\/Leseprobe-Mit-dem-Wind.pdf\">Link auf Leseprobe &#8222;Mit dem Wind&#8220;<\/a><\/p>\n<p><a href=\"http:\/\/www.autor-bellartz.de\/wp-content\/uploads\/2023\/02\/Leseprobe-Ein-Buestenhalter......pdf\">Link auf Leseprobe &#8222;Ein B\u00fcstenhalter, ein Hut und &#8230; ein Gru\u00df vom F\u00fchrer&#8220;<\/a><\/p>\n\n\n<p><\/p>\n","protected":false},"excerpt":{"rendered":"<p>Link auf Leseprobe &#8222;Leseprobe_Heidenangst&#8220; Link auf Leseprobe &#8222;Sechs, Sieben, Acht&#8220; Link auf Leseprobe &#8222;Was bleibt ist Blut im Schnee&#8220; Link auf Leseprobe &#8222;Die Stra\u00dfe kannte die Antwort&#8220; Link auf Leseprobe &#8222;Lost in France&#8220; Link auf Leseprobe &#8222;Das Dreizinnen &#8211; Trio&#8220; &hellip; <a href=\"https:\/\/www.autor-bellartz.de\/?page_id=80\">Weiterlesen <span class=\"meta-nav\">&rarr;<\/span><\/a><\/p>\n","protected":false},"author":1,"featured_media":0,"parent":0,"menu_order":30,"comment_status":"open","ping_status":"open","template":"","meta":{"footnotes":""},"class_list":["post-80","page","type-page","status-publish","hentry"],"_links":{"self":[{"href":"https:\/\/www.autor-bellartz.de\/index.php?rest_route=\/wp\/v2\/pages\/80","targetHints":{"allow":["GET"]}}],"collection":[{"href":"https:\/\/www.autor-bellartz.de\/index.php?rest_route=\/wp\/v2\/pages"}],"about":[{"href":"https:\/\/www.autor-bellartz.de\/index.php?rest_route=\/wp\/v2\/types\/page"}],"author":[{"embeddable":true,"href":"https:\/\/www.autor-bellartz.de\/index.php?rest_route=\/wp\/v2\/users\/1"}],"replies":[{"embeddable":true,"href":"https:\/\/www.autor-bellartz.de\/index.php?rest_route=%2Fwp%2Fv2%2Fcomments&post=80"}],"version-history":[{"count":12,"href":"https:\/\/www.autor-bellartz.de\/index.php?rest_route=\/wp\/v2\/pages\/80\/revisions"}],"predecessor-version":[{"id":378,"href":"https:\/\/www.autor-bellartz.de\/index.php?rest_route=\/wp\/v2\/pages\/80\/revisions\/378"}],"wp:attachment":[{"href":"https:\/\/www.autor-bellartz.de\/index.php?rest_route=%2Fwp%2Fv2%2Fmedia&parent=80"}],"curies":[{"name":"wp","href":"https:\/\/api.w.org\/{rel}","templated":true}]}}